
{"id":12,"date":"2021-07-08T00:25:30","date_gmt":"2021-07-07T22:25:30","guid":{"rendered":"http:\/\/localhost:8080\/?page_id=12"},"modified":"2025-09-05T20:15:58","modified_gmt":"2025-09-05T18:15:58","slug":"mesmerize","status":"publish","type":"page","link":"https:\/\/fdv-charmes.com\/","title":{"rendered":"Front Page"},"content":{"rendered":"<div  id=\"overlappable\" style=\"background-color: rgb(255, 255, 255); background-image: none;\" data-label=\"Overlappable\" data-id=\"overlappable-4\" data-export-id=\"overlappable-4\" data-category=\"overlappable\" class=\"overlappable-4 content-section content-section-spacing\" data-overlap=\"true\"><div  class=\"gridContainer\"> <div  data-type=\"row\" class=\"row spaced-cols text-center\"><div  class=\"col-xs-12 col-sm-4 col-padding\"> <a  data-cp-link=\"1\" href=\"#portfolio-3\" target=\"_self\" rel=\"noopener\"><i  class=\"fa icon shadow-large-black aligncenter color1 fa-map-signs reverse round large\"><\/i><\/a> <div  data-type=\"column\" class=\"\"> <h5  class=\"\">7 TERRAINS<\/h5> <p  class=\"\">Venez nous rencontrer au<br >complexe sportif J.R SIMONIN\n<br >6 Boulevard Georges Clemenceau\n<br >88130 Charmes<\/p><a  class=\"button blue\" href=\"https:\/\/goo.gl\/maps\/LbiD2tagSzKmy9vD9\" target=\"_blank\" data-cp-link=\"1\" rel=\"noopener\">Voir la carte<\/a><\/div> <\/div> <div  class=\"col-xs-12 col-sm-4 col-padding\"> <i  class=\"fa icon shadow-large-black aligncenter color1 fa-drivers-license-o reverse round large\"><\/i> <div  data-type=\"column\" class=\"\"><h5  class=\"\">JEUNES ET ADULTES<\/h5> <p  class=\"\">Des cr\u00e9neaux r\u00e9serv\u00e9s aux jeunes sont anim\u00e9s les mercredi (16h30-18h30 minibad\/poussin et 18h30-20h00 benjamin minime) et jeudi (18h30-20h00 minime cadet)<\/p><p  class=\"\">Les adultes se retrouvent les lundi et jeudi de 20h \u00e0 22h pour du jeu libre<\/p><\/div> <\/div> <div  class=\"col-xs-12 col-sm-4 col-padding\"> <i  class=\"fa icon shadow-large-black aligncenter color1 fa-arrows-alt reverse round large\"><\/i> <div  data-type=\"column\" class=\"\"><h5  class=\"\">TOUS NIVEAUX<\/h5> <p  class=\"\">Les mardi soirs permettent aux comp\u00e9titeurs de s\u2019exprimer (simple, volant plumes,\u2026) de 20h \u00e0 22h<\/p><p  class=\"\">Ces cr\u00e9neaux peuvent \u00eatre am\u00e9nag\u00e9s pour un public ou un objectif pr\u00e9d\u00e9fini (d\u00e9butants, double, mixte,\u2026)<\/p><\/div> <\/div><\/div> <\/div><\/div><div  id=\"jeunes\" style=\"background-color: #f5fafd;\" data-label=\"Jeunes\" data-id=\"content-2\" data-export-id=\"content-2\" data-category=\"content\" class=\"content-2 content-section content-section-spacing\"><div > <div  class=\"row middle-xs\"><div  class=\"col-sm-5 bg-image shadow-large-black\" data-bg=\"image\" style=\"background-image: url(&quot;https:\/\/fdv-charmes.com\/wp-content\/uploads\/2021\/07\/cropped-Jeunes1jpg.jpg&quot;);\"><\/div> <div  class=\"col-sm-7 full-col-left-padding full-col-right-padding\"> <div  class=\"row\"> <div  data-type=\"column\" class=\"space-bottom-small content-title-col\"> <h5  class=\"\">POUR LES JEUNES<\/h5> <h2  class=\"\">Des cr\u00e9neaux par age<\/h2> <p  class=\"\">L\u2019accueil des enfants s\u2019effectue en 2 groupes. \n<br >Le mercredi apr\u00e8s-midi, nous accueillons les minibad (5-7 ans) ainsi que les poussins (- de 11ans)&nbsp; encadr\u00e9 par un entraineur professionnel. Les jeunes de 11 ans et plus sont accueillis le mercredi soir, anim\u00e9 par un encadrant du club. La pr\u00e9paration des comp\u00e9titions pourra s\u2019effectuer les mardi soir pour les jeunes s\u00e9lectionn\u00e9s.<\/p><\/div> <\/div> <div  class=\"row spaced-cols \" data-type=\"row\"> <div  class=\"col-xs-6\" data-type=\"column\"> <h5  class=\"\">MINIBAD \/ POUSSINS (n\u00e9s en 2015 et +)<\/h5> <p  class=\"\">\u2013 Mercredi 16h30 \u2013 18h30<br >\u2013 Terrains adapt\u00e9s\n<br >\u2013 Initiations autour d\u2019exercices ludiques<br >\u2013 Encadrant professionnel<\/p><\/div> <div  class=\"col-xs-6\" data-type=\"column\"><h5  class=\"\">ENCADREMENT<\/h5> <p  class=\"\">\u2013 Damien BOMONT (B\u00e9n\u00e9vole Club FDV)\n<br >\u2013 Vincent RUSPINI (Professionnel Dipl\u00f4m\u00e9)\n<br >\u2013 Pourquoi pas vous ? Contactez-nous !<\/p><\/div> <div  class=\"col-xs-6\" data-type=\"column\"><h5  class=\"\">JEUNES (n\u00e9s avant 2015)<\/h5> <p  class=\"\">\u2013 Mercredi 18h30 \u2013 20h ( Benj. Minime)<br >\u2013 Jeudi 18h30 \u2013 20h (Minime Cadet)<br >\u2013 Pratique anim\u00e9e \/ Entrainement<\/p><\/div> <div  class=\"col-xs-6\" data-type=\"column\"><h5  class=\"\">TARIF ECOLE DE BAD 2025 \/ 2026<\/h5> <p  class=\"\"><span >140 \u20ac incluant:\n<br >\u2013 Licence F\u00e9d\u00e9rale avec assurance\n<br >\u2013 Volants d\u2019entrainement (plumes)<br >\u2013 Pr\u00eat de raquette possible le temps d\u2019en acqu\u00e9rir une<\/span><\/p><\/div> <\/div><\/div> <\/div><\/div> <\/div><div  id=\"adultes\" style=\"background-color: #ffffff;\" data-label=\"Adultes\" data-id=\"content-3\" data-export-id=\"content-3\" data-category=\"content\" class=\"content-3 content-section content-section-spacing\"><div > <div  class=\"row middle-xs\"><div  class=\"col-sm-7 full-col-left-padding full-col-right-padding\"> <div  class=\"row\"><div  data-type=\"column\" class=\"space-bottom-small content-title-col\"> <h5  class=\"\">POUR LES ADULTES<\/h5> <h2  class=\"\">Pour tous les niveaux<\/h2> <p  class=\"\">La pratique des adultes se d\u00e9roule principalement les lundi et jeudi soir avec un accueil tout public. Du jeu libre autour de matchs en double \/ double mixte (2 contre 2) est g\u00e9n\u00e9ralement propos\u00e9 avec volants plastique fournis. Des activit\u00e9s \u00e0 th\u00e8mes sont propos\u00e9s sur certaines s\u00e9ances (tournoi des cartes, \u2026).&nbsp;\n<br >Un cr\u00e9neau est accessible les mardi soir pour les \u00e9quipes d\u2019interclub afin de permettre la pr\u00e9paration des comp\u00e9titions avec l\u2019utilisation de volant en plume.<\/p><\/div> <\/div> <div  class=\"row spaced-cols\" data-type=\"row\"> <div  class=\"col-xs-6\" data-type=\"column\"> <h5  class=\"\">JEU LIBRE POUR TOUS<\/h5> <p  class=\"\">\u2013 Lundi 20h \u2013 22h\n<br >\u2013 Jeudi 20h \u2013 22h<\/p><\/div> <div  class=\"col-xs-6\" data-type=\"column\"><h5  class=\"\">LOISIRS<\/h5> <p  class=\"\">\u2013 D\u00e9butants ou confirm\u00e9s<br >\u2013 Pratique majoritaire en double \/ double mixte<\/p><\/div> <div  class=\"col-xs-6\" data-type=\"column\"><h5  class=\"\">ENTRAINEMENT<\/h5> <p  class=\"\">\u2013 Cr\u00e9neaux d\u00e9di\u00e9 du Mardi 20h \u2013 22h (encadr\u00e9 2x par mois par un entraineur)<br >\u2013 Volants en plumes (non fournis)\n<br >\u2013 Pratique en simple, double et double mixte<\/p><\/div> <div  class=\"col-xs-6\" data-type=\"column\"><h5  class=\"\">TARIF ADULTE 2025 \/ 2026<\/h5> <p  class=\"\">110\u20ac incluant:\n<br >\u2013 Licence F\u00e9d\u00e9rale avec assurance\n<br >\u2013 Volants plastique jeu libre\n<br >\u2013 Pr\u00eat de raquette possible le temps d\u2019en acqu\u00e9rir une<\/p><p  class=\"\"><i >Dans le cas o\u00f9 la licence f\u00e9d\u00e9rale aurait d\u00e9j\u00e0 \u00e9t\u00e9 souscrite via un autre club, la cotisation serait alors de 70\u20ac.<\/i><\/p><\/div> <\/div><\/div> <div  class=\"col-sm-5 bg-image shadow-large-black revert-classes-holder\" data-bg=\"image\" style=\"background-image: url(&quot;https:\/\/fdv-charmes.com\/wp-content\/uploads\/2021\/07\/cropped-Adultes1jpg-1.jpg&quot;);\"><\/div><\/div> <\/div><\/div><div  data-label=\"Complexe\" data-id=\"about--1\" data-export-id=\"about-9\" data-category=\"about\" class=\"about-9 content-section content-section-spacing\" id=\"complexe\" style=\"background-color: rgb(245, 250, 253); background-image: none;\"><div  class=\"gridContainer\"> <div  class=\"row middle-sm text-center\"><div  class=\"col-sm-5 space-bottom-xs content-column content-right-sm\" data-type=\"column\"> <h5  class=\"\">COMPLEXE SPORTIF JR SIMONIN DE CHARMES<\/h5> <h2  class=\"\">Un gymnase adapt\u00e9 avec<br ><span  style=\"font-family: Playfair Display,sans-serif; font-weight: 700; font-style: italic;\" href=\"#\">7 terrains&nbsp;<\/span>pour le plaisir de tous<\/h2> <p  class=\"\">Le complexe sportif J.R. SIMONIN de la ville de Charmes pr\u00e9sente un ensemble d\u2019infrastructure complet (Dojo, Salle de gymnastique, Gymnase multi-sport avec Tribunes, Espace de r\u00e9union, Espace de convivialit\u00e9, \u2026).\n<br >Lors des s\u00e9ances, les membres du clubs ont acc\u00e8s aux vestiaires ainsi qu\u2019aux douches collectives.\n<br >L\u2019ensemble est s\u00e9curis\u00e9 et entretenu par un ou une gardienne.\n<br ><br >L\u2019utilisation de chaussures adapt\u00e9es et r\u00e9serv\u00e9es \u00e0 un usage interieur est obligatoire afin de pr\u00e9server les sols.<\/p> <p  class=\"lead\">Complexe Sportif Jean Robert Simonin\n<br >6 Boulevard Georges Clemenceau\n<br >88130 Charmes<\/p><a  class=\"button color1\" href=\"https:\/\/goo.gl\/maps\/cSjFYdDYVmvSBM5XA\" target=\"_blank\" data-cp-link=\"1\" rel=\"noopener\">Voir la carte<\/a><\/div> <div  class=\"col-sm-7 flexbox flexbox middle-xs center-xs space-bottom-xs\"><div  class=\"overlay-box flexbox middle-xs center-xs overlay-holder \"> <div  class=\"overlay-box-offset shadow-medium bg-color2 offset-background\"><\/div> <img  decoding=\"async\" class=\"flexbox shadow-large img1\" src=\"https:\/\/fdv-charmes.com\/wp-content\/uploads\/2021\/07\/cropped-IMG_9691-2-scaled-1.jpg\" data-size=\"600x400\" title=\"cropped-GoogleMapsComplexe.jpg\" alt=\"\"><\/div> <\/div><\/div> <\/div><\/div><div  id=\"team-2\" style=\"background-color: #ffffff;\" data-label=\"Team\" data-id=\"team-2\" data-export-id=\"team-2\" data-category=\"team\" class=\"team-2 content-section content-section-spacing\"><div  class=\"gridContainer\"> <div  class=\"row text-center\"><div  class=\"section-title-col\" data-type=\"column\"> <h2  class=\"\">L\u2019\u00e9quipe FDV Charmes<\/h2> <p  class=\"lead\">Vos interlocuteurs au sein du club \u00e0 votre disposition pour r\u00e9pondre \u00e0 vos questions<\/p><\/div> <\/div> <div  class=\"row spaced-cols content-center-sm\" data-type=\"row\"> <div  class=\"col-sm-6 col-md-3\"> <div  class=\"card y-move no-padding bordered\">  <div  data-type=\"column\" class=\"col-padding-small col-padding-small-xs description-container\">    <img  decoding=\"async\" class=\"custom-image\" src=\"https:\/\/fdv-charmes.com\/wp-content\/uploads\/2021\/07\/CarreFlo.jpg\" title=\"CarreFlo\" alt=\"\"><h4  class=\"font-500\">Floriane PENNERAD<\/h4><p  class=\"small\" style=\"font-style: italic;\">&nbsp;Resp. Adultes<\/p><div  class=\"social-icons-group\" data-type=\"group\"> <a  href=\"#\" target=\"_self\" data-reiki-hidden=\"true\" rel=\"noopener\"><i  class=\"gray fa icon fa-facebook-square\"><\/i><\/a> <a  href=\"#\" target=\"_self\" data-reiki-hidden=\"true\" rel=\"noopener\"><i  class=\"gray fa icon fa-twitter-square\"><\/i><\/a> <a  href=\"#\" target=\"_self\" data-reiki-hidden=\"true\" rel=\"noopener\"><i  class=\"gray fa icon fa-linkedin-square\"><\/i><\/a> <a  href=\"#\" target=\"_self\" data-reiki-hidden=\"true\" rel=\"noopener\"><i  class=\"gray fa icon fa-google-plus-square\"><\/i><\/a><\/div><\/div><\/div> <\/div><div  class=\"col-sm-6 col-md-3\"> <div  class=\"card y-move no-padding bordered\">  <div  data-type=\"column\" class=\"col-padding-small col-padding-small-xs description-container\"> <img  decoding=\"async\" class=\"custom-image\" src=\"https:\/\/fdv-charmes.com\/wp-content\/uploads\/2021\/08\/cropped-AvatarAnonyme.gif\" title=\"cropped-AvatarAnonyme.gif\" alt=\"\"><h4  class=\"font-500\">Philippe HILD<\/h4> <p  class=\"small\" style=\"font-style: italic;\">Secr\u00e9taire<\/p> <div  class=\"social-icons-group\" data-type=\"group\"> <a  href=\"#\" target=\"_self\" data-reiki-hidden=\"true\" rel=\"noopener\"><i  class=\"gray fa icon fa-facebook-square\"><\/i><\/a> <a  href=\"#\" target=\"_self\" data-reiki-hidden=\"true\" rel=\"noopener\"><i  class=\"gray fa icon fa-twitter-square\"><\/i><\/a> <a  href=\"#\" target=\"_self\" data-reiki-hidden=\"true\" rel=\"noopener\"><i  class=\"gray fa icon fa-linkedin-square\"><\/i><\/a> <a  href=\"#\" target=\"_self\" data-reiki-hidden=\"true\" rel=\"noopener\"><i  class=\"gray fa icon fa-google-plus-square\"><\/i><\/a><\/div> <\/div><\/div> <\/div>   <div  class=\"col-sm-6 col-md-3\"> <div  class=\"card y-move no-padding bordered\">  <div  data-type=\"column\" class=\"col-padding-small col-padding-small-xs description-container\"> <img  decoding=\"async\" class=\"custom-image\" src=\"https:\/\/fdv-charmes.com\/wp-content\/uploads\/2021\/08\/CarreJeanMi.jpg\" title=\"CarreJeanMi\" alt=\"\"><h4  class=\"font-500\">Jean-Michel MITTAUX<\/h4> <p  class=\"small\" style=\"font-style: italic;\">Tr\u00e9sorier<\/p> <div  class=\"social-icons-group\" data-type=\"group\"> <a  href=\"#\" target=\"_self\" data-reiki-hidden=\"true\" rel=\"noopener\"><i  class=\"gray fa icon fa-facebook-square\"><\/i><\/a> <a  href=\"#\" target=\"_self\" data-reiki-hidden=\"true\" rel=\"noopener\"><i  class=\"gray fa icon fa-twitter-square\"><\/i><\/a> <a  href=\"#\" target=\"_self\" data-reiki-hidden=\"true\" rel=\"noopener\"><i  class=\"gray fa icon fa-linkedin-square\"><\/i><\/a> <a  href=\"#\" target=\"_self\" data-reiki-hidden=\"true\" rel=\"noopener\"><i  class=\"gray fa icon fa-google-plus-square\"><\/i><\/a><\/div> <\/div><\/div> <\/div>    <div  class=\"col-sm-6 col-md-3\"> <div  class=\"card y-move no-padding bordered\">  <div  data-type=\"column\" class=\"col-padding-small col-padding-small-xs description-container\"> <img  decoding=\"async\" class=\"custom-image\" src=\"https:\/\/fdv-charmes.com\/wp-content\/uploads\/2021\/08\/CarreDamien.jpg\" title=\"CarreDamien\" alt=\"\"><h4  class=\"font-500\">Damien BOMONT<\/h4> <p  class=\"small\" style=\"font-style: italic;\">Pr\u00e9sident\n<br >Resp. Jeunes<\/p> <div  class=\"social-icons-group\" data-type=\"group\"> <a  href=\"#\" target=\"_self\" data-reiki-hidden=\"true\" rel=\"noopener\"><i  class=\"gray fa icon fa-facebook-square\"><\/i><\/a> <a  href=\"#\" target=\"_self\" data-reiki-hidden=\"true\" rel=\"noopener\"><i  class=\"gray fa icon fa-twitter-square\"><\/i><\/a> <a  href=\"#\" target=\"_self\" data-reiki-hidden=\"true\" rel=\"noopener\"><i  class=\"gray fa icon fa-linkedin-square\"><\/i><\/a> <a  href=\"#\" target=\"_self\" data-reiki-hidden=\"true\" rel=\"noopener\"><i  class=\"gray fa icon fa-google-plus-square\"><\/i><\/a><\/div> <\/div><\/div> <\/div><\/div> <\/div><\/div><div  id=\"contact-1\" data-label=\"Contact\" data-id=\"contact-1\" data-export-id=\"contact-1\" data-category=\"contact\" class=\"contact-1 content-section content-section-spacing white-text\" data-parallax-depth=\"20\" style=\"background-image: url(&quot;https:\/\/fdv-charmes.com\/wp-content\/uploads\/2021\/07\/badminton-4730824_1920.jpg&quot;); background-size: cover; background-position: center top;\"><div  class=\"gridContainer\"> <div  class=\"row text-center\"><div  class=\"section-title-col\" data-type=\"column\"> <h2  class=\"\">Nous contacter<\/h2> <p  class=\"lead\">\nVous pouvez venir \u00e0 notre rencontre au complexe sportif J.R. Simonin les lundi ou jeudi soir \u00e0 partir de 20h. Nous nous ferons un plaisir de vous r\u00e9pondre \u00e0 vos questions ainsi qu\u2019\u00e0 vous proposer d\u2019essayer le badminton !<br ><br >Pour toute demande de renseignement, n\u2019h\u00e9sitez pas \u00e0 nous \u00e9crire via le formulaire ci dessous\n<br >ou directement via&nbsp;club.fdv88@gmail.com<\/p><\/div> <\/div> <div  class=\"row text-center\"> <div  class=\"col-xs-12 col-sm-8 col-sm-offset-2 contact-form-wrapper inline-info\"> <div  class=\"card large-padding\"> <div  class=\"\" data-content-shortcode=\"mesmerize_contact_form shortcode=&quot;contact-form-7 id=&amp;amp;quot;43&amp;amp;quot; title=&amp;amp;quot;Formulaire de contact 1&amp;amp;quot;&quot;\" data-editable=\"true\">\n<div class=\"wpcf7 no-js\" id=\"wpcf7-f43-o1\" lang=\"fr-FR\" dir=\"ltr\" data-wpcf7-id=\"43\">\n<div class=\"screen-reader-response\"><p role=\"status\" aria-live=\"polite\" aria-atomic=\"true\"><\/p> <ul><\/ul><\/div>\n<form action=\"\/index.php?rest_route=%2Fwp%2Fv2%2Fpages%2F12#wpcf7-f43-o1\" method=\"post\" class=\"wpcf7-form init\" aria-label=\"Formulaire de contact\" novalidate=\"novalidate\" data-status=\"init\">\n<fieldset class=\"hidden-fields-container\"><input type=\"hidden\" name=\"_wpcf7\" value=\"43\" \/><input type=\"hidden\" name=\"_wpcf7_version\" value=\"6.1.4\" \/><input type=\"hidden\" name=\"_wpcf7_locale\" value=\"fr_FR\" \/><input type=\"hidden\" name=\"_wpcf7_unit_tag\" value=\"wpcf7-f43-o1\" \/><input type=\"hidden\" name=\"_wpcf7_container_post\" value=\"0\" \/><input type=\"hidden\" name=\"_wpcf7_posted_data_hash\" value=\"\" \/><input type=\"hidden\" name=\"_wpcf7_recaptcha_response\" value=\"\" \/>\n<\/fieldset>\n<p><label> Votre nom<br \/>\n<span class=\"wpcf7-form-control-wrap\" data-name=\"your-name\"><input size=\"40\" maxlength=\"400\" class=\"wpcf7-form-control wpcf7-text wpcf7-validates-as-required\" aria-required=\"true\" aria-invalid=\"false\" value=\"\" type=\"text\" name=\"your-name\" \/><\/span> <\/label>\n<\/p>\n<p><label> Votre e-mail<br \/>\n<span class=\"wpcf7-form-control-wrap\" data-name=\"your-email\"><input size=\"40\" maxlength=\"400\" class=\"wpcf7-form-control wpcf7-email wpcf7-validates-as-required wpcf7-text wpcf7-validates-as-email\" aria-required=\"true\" aria-invalid=\"false\" value=\"\" type=\"email\" name=\"your-email\" \/><\/span> <\/label>\n<\/p>\n<p><span class=\"wpcf7-form-control-wrap\" data-name=\"Objet\"><span class=\"wpcf7-form-control wpcf7-checkbox\"><span class=\"wpcf7-list-item first\"><label><input type=\"checkbox\" name=\"Objet[]\" value=\"Adultes\" \/><span class=\"wpcf7-list-item-label\">Adultes<\/span><\/label><\/span><span class=\"wpcf7-list-item\"><label><input type=\"checkbox\" name=\"Objet[]\" value=\"Jeunes\" \/><span class=\"wpcf7-list-item-label\">Jeunes<\/span><\/label><\/span><span class=\"wpcf7-list-item last\"><label><input type=\"checkbox\" name=\"Objet[]\" value=\"Decouvrir le badminton\" \/><span class=\"wpcf7-list-item-label\">Decouvrir le badminton<\/span><\/label><\/span><\/span><\/span>\n<\/p>\n<p><label> Votre message<br \/>\n<span class=\"wpcf7-form-control-wrap\" data-name=\"your-message\"><textarea cols=\"40\" rows=\"10\" maxlength=\"2000\" class=\"wpcf7-form-control wpcf7-textarea wpcf7-validates-as-required\" aria-required=\"true\" aria-invalid=\"false\" name=\"your-message\"><\/textarea><\/span> <\/label>\n<\/p>\n<p><input class=\"wpcf7-form-control wpcf7-submit has-spinner\" type=\"submit\" value=\"Envoyer\" \/>\n<\/p><div class=\"wpcf7-response-output\" aria-hidden=\"true\"><\/div>\n<\/form>\n<\/div>\n<\/div><\/div> <\/div><\/div> <\/div><\/div>","protected":false},"excerpt":{"rendered":"<p>7 TERRAINS Venez nous rencontrer aucomplexe sportif J.R SIMONIN 6 Boulevard Georges Clemenceau 88130 CharmesVoir la carte JEUNES ET ADULTES Des cr\u00e9neaux r\u00e9serv\u00e9s aux jeunes sont anim\u00e9s les mercredi (16h30-18h30 minibad\/poussin et 18h30-20h00 benjamin minime) et jeudi (18h30-20h00 minime cadet)Les adultes se retrouvent les lundi et jeudi de 20h \u00e0 22h pour du jeu libre&hellip; <br \/> <a class=\"read-more\" href=\"https:\/\/fdv-charmes.com\/\">Lire la suite<\/a><\/p>\n","protected":false},"author":1,"featured_media":0,"parent":0,"menu_order":0,"comment_status":"closed","ping_status":"closed","template":"page-templates\/homepage.php","meta":{"footnotes":""},"class_list":["post-12","page","type-page","status-publish","hentry"],"_links":{"self":[{"href":"https:\/\/fdv-charmes.com\/index.php?rest_route=\/wp\/v2\/pages\/12","targetHints":{"allow":["GET"]}}],"collection":[{"href":"https:\/\/fdv-charmes.com\/index.php?rest_route=\/wp\/v2\/pages"}],"about":[{"href":"https:\/\/fdv-charmes.com\/index.php?rest_route=\/wp\/v2\/types\/page"}],"author":[{"embeddable":true,"href":"https:\/\/fdv-charmes.com\/index.php?rest_route=\/wp\/v2\/users\/1"}],"replies":[{"embeddable":true,"href":"https:\/\/fdv-charmes.com\/index.php?rest_route=%2Fwp%2Fv2%2Fcomments&post=12"}],"version-history":[{"count":49,"href":"https:\/\/fdv-charmes.com\/index.php?rest_route=\/wp\/v2\/pages\/12\/revisions"}],"predecessor-version":[{"id":195,"href":"https:\/\/fdv-charmes.com\/index.php?rest_route=\/wp\/v2\/pages\/12\/revisions\/195"}],"wp:attachment":[{"href":"https:\/\/fdv-charmes.com\/index.php?rest_route=%2Fwp%2Fv2%2Fmedia&parent=12"}],"curies":[{"name":"wp","href":"https:\/\/api.w.org\/{rel}","templated":true}]}}